{"id":764,"date":"2019-04-11T07:40:12","date_gmt":"2019-04-11T05:40:12","guid":{"rendered":"http:\/\/wp1041318.server-he.de\/?page_id=764"},"modified":"2026-03-01T20:22:04","modified_gmt":"2026-03-01T19:22:04","slug":"theater-team","status":"publish","type":"page","link":"https:\/\/www.neues-theater-mering.de\/index.php\/rund-ums-theater\/theater-team\/","title":{"rendered":"Theater-Team"},"content":{"rendered":"\t\t<div data-elementor-type=\"wp-post\" data-elementor-id=\"764\" class=\"elementor elementor-764\">\n\t\t\t\t\t\t<section class=\"elementor-section elementor-top-section elementor-element elementor-element-26306a9 elementor-section-boxed elementor-section-height-default elementor-section-height-default\" data-id=\"26306a9\" data-element_type=\"section\" data-e-type=\"section\">\n\t\t\t\t\t\t<div class=\"elementor-container elementor-column-gap-default\">\n\t\t\t\t\t<div class=\"elementor-column elementor-col-100 elementor-top-column elementor-element elementor-element-9ad5a16\" data-id=\"9ad5a16\" data-element_type=\"column\" data-e-type=\"column\">\n\t\t\t<div class=\"elementor-widget-wrap elementor-element-populated\">\n\t\t\t\t\t\t<div class=\"elementor-element elementor-element-234345c elementor-widget elementor-widget-text-editor\" data-id=\"234345c\" data-element_type=\"widget\" data-e-type=\"widget\" data-widget_type=\"text-editor.default\">\n\t\t\t\t<div class=\"elementor-widget-container\">\n\t\t\t\t\t\t\t\t\t<p>Die Inszenierungen des NTM w\u00e4ren ohne die Hilfe, Unterst\u00fctzung und Mitarbeit der vielen Akteure im Hintergrund gar nicht m\u00f6glich. Egal, ob Maske, Technik, B\u00fchnenbau, Spielgruppenleitungen oder Kasse: Der Verein lebt von der Initiative vieler &#8222;helfender H\u00e4nde&#8220;.<\/p><p>Das nachfolgende Organigramm gibt einen \u00dcberblick \u00fcber die Verantwortlichen.<\/p><p>Wenn Ihr Interesse habt, aktiv mitzuwirken, dann meldet euch: <a href=\"mailto:christian.magnussen@neues-theater-mering.de\">christian.magnussen@neues-theater-mering.de<\/a>\u00a0<\/p>\t\t\t\t\t\t\t\t<\/div>\n\t\t\t\t<\/div>\n\t\t\t\t\t<\/div>\n\t\t<\/div>\n\t\t\t\t\t<\/div>\n\t\t<\/section>\n\t\t\t\t<section class=\"elementor-section elementor-top-section elementor-element elementor-element-d5b4373 elementor-section-boxed elementor-section-height-default elementor-section-height-default\" data-id=\"d5b4373\" data-element_type=\"section\" data-e-type=\"section\">\n\t\t\t\t\t\t<div class=\"elementor-container elementor-column-gap-default\">\n\t\t\t\t\t<div class=\"elementor-column elementor-col-100 elementor-top-column elementor-element elementor-element-28c42e7\" data-id=\"28c42e7\" data-element_type=\"column\" data-e-type=\"column\">\n\t\t\t<div class=\"elementor-widget-wrap elementor-element-populated\">\n\t\t\t\t\t\t<div class=\"elementor-element elementor-element-41883b7 elementor-widget elementor-widget-heading\" data-id=\"41883b7\" data-element_type=\"widget\" data-e-type=\"widget\" data-widget_type=\"heading.default\">\n\t\t\t\t<div class=\"elementor-widget-container\">\n\t\t\t\t\t<h3 class=\"elementor-heading-title elementor-size-default\">Theater Organigramm<\/h3>\t\t\t\t<\/div>\n\t\t\t\t<\/div>\n\t\t\t\t\t<\/div>\n\t\t<\/div>\n\t\t\t\t\t<\/div>\n\t\t<\/section>\n\t\t\t\t<section class=\"elementor-section elementor-top-section elementor-element elementor-element-08b1f89 elementor-section-boxed elementor-section-height-default elementor-section-height-default\" data-id=\"08b1f89\" data-element_type=\"section\" data-e-type=\"section\">\n\t\t\t\t\t\t<div class=\"elementor-container elementor-column-gap-default\">\n\t\t\t\t\t<div class=\"elementor-column elementor-col-100 elementor-top-column elementor-element elementor-element-03a1452\" data-id=\"03a1452\" data-element_type=\"column\" data-e-type=\"column\">\n\t\t\t<div class=\"elementor-widget-wrap elementor-element-populated\">\n\t\t\t\t\t\t<div class=\"elementor-element elementor-element-cf936f8 elementor-widget elementor-widget-image\" data-id=\"cf936f8\" data-element_type=\"widget\" data-e-type=\"widget\" data-widget_type=\"image.default\">\n\t\t\t\t<div class=\"elementor-widget-container\">\n\t\t\t\t\t\t\t\t\t\t\t\t<figure class=\"wp-caption\">\n\t\t\t\t\t\t\t\t\t\t<img fetchpriority=\"high\" decoding=\"async\" width=\"1380\" height=\"992\" src=\"https:\/\/www.neues-theater-mering.de\/wp-content\/uploads\/2026\/03\/Organigramm-03-2026.png\" class=\"attachment-full size-full wp-image-7496\" alt=\"\" srcset=\"https:\/\/www.neues-theater-mering.de\/wp-content\/uploads\/2026\/03\/Organigramm-03-2026.png 1380w, https:\/\/www.neues-theater-mering.de\/wp-content\/uploads\/2026\/03\/Organigramm-03-2026-300x216.png 300w, https:\/\/www.neues-theater-mering.de\/wp-content\/uploads\/2026\/03\/Organigramm-03-2026-1024x736.png 1024w, https:\/\/www.neues-theater-mering.de\/wp-content\/uploads\/2026\/03\/Organigramm-03-2026-768x552.png 768w\" sizes=\"(max-width: 1380px) 100vw, 1380px\" \/>\t\t\t\t\t\t\t\t\t\t\t<figcaption class=\"widget-image-caption wp-caption-text\"><\/figcaption>\n\t\t\t\t\t\t\t\t\t\t<\/figure>\n\t\t\t\t\t\t\t\t\t<\/div>\n\t\t\t\t<\/div>\n\t\t\t\t\t<\/div>\n\t\t<\/div>\n\t\t\t\t\t<\/div>\n\t\t<\/section>\n\t\t\t\t<\/div>\n\t\t","protected":false},"excerpt":{"rendered":"<p>Die Inszenierungen des NTM w\u00e4ren ohne die Hilfe, Unterst\u00fctzung und Mitarbeit der vielen Akteure im Hintergrund gar nicht m\u00f6glich. Egal, ob Maske, Technik, B\u00fchnenbau, Spielgruppenleitungen oder Kasse: Der Verein lebt von der Initiative vieler &#8222;helfender H\u00e4nde&#8220;. Das nachfolgende Organigramm gibt einen \u00dcberblick \u00fcber die Verantwortlichen. Wenn Ihr Interesse habt, aktiv mitzuwirken, dann meldet euch: christian.magnussen@neues-theater-mering.de\u00a0 [&hellip;]<\/p>\n","protected":false},"author":3,"featured_media":0,"parent":79,"menu_order":0,"comment_status":"closed","ping_status":"closed","template":"","meta":{"ocean_post_layout":"full-width","ocean_both_sidebars_style":"","ocean_both_sidebars_content_width":0,"ocean_both_sidebars_sidebars_width":0,"ocean_sidebar":"0","ocean_second_sidebar":"0","ocean_disable_margins":"enable","ocean_add_body_class":"","ocean_shortcode_before_top_bar":"","ocean_shortcode_after_top_bar":"","ocean_shortcode_before_header":"","ocean_shortcode_after_header":"","ocean_has_shortcode":"","ocean_shortcode_after_title":"","ocean_shortcode_before_footer_widgets":"","ocean_shortcode_after_footer_widgets":"","ocean_shortcode_before_footer_bottom":"","ocean_shortcode_after_footer_bottom":"","ocean_display_top_bar":"default","ocean_display_header":"default","ocean_header_style":"","ocean_center_header_left_menu":"0","ocean_custom_header_template":"0","ocean_custom_logo":0,"ocean_custom_retina_logo":0,"ocean_custom_logo_max_width":0,"ocean_custom_logo_tablet_max_width":0,"ocean_custom_logo_mobile_max_width":0,"ocean_custom_logo_max_height":0,"ocean_custom_logo_tablet_max_height":0,"ocean_custom_logo_mobile_max_height":0,"ocean_header_custom_menu":"0","ocean_menu_typo_font_family":"0","ocean_menu_typo_font_subset":"","ocean_menu_typo_font_size":0,"ocean_menu_typo_font_size_tablet":0,"ocean_menu_typo_font_size_mobile":0,"ocean_menu_typo_font_size_unit":"px","ocean_menu_typo_font_weight":"","ocean_menu_typo_font_weight_tablet":"","ocean_menu_typo_font_weight_mobile":"","ocean_menu_typo_transform":"","ocean_menu_typo_transform_tablet":"","ocean_menu_typo_transform_mobile":"","ocean_menu_typo_line_height":0,"ocean_menu_typo_line_height_tablet":0,"ocean_menu_typo_line_height_mobile":0,"ocean_menu_typo_line_height_unit":"","ocean_menu_typo_spacing":0,"ocean_menu_typo_spacing_tablet":0,"ocean_menu_typo_spacing_mobile":0,"ocean_menu_typo_spacing_unit":"","ocean_menu_link_color":"","ocean_menu_link_color_hover":"","ocean_menu_link_color_active":"","ocean_menu_link_background":"","ocean_menu_link_hover_background":"","ocean_menu_link_active_background":"","ocean_menu_social_links_bg":"","ocean_menu_social_hover_links_bg":"","ocean_menu_social_links_color":"","ocean_menu_social_hover_links_color":"","ocean_disable_title":"default","ocean_disable_heading":"default","ocean_post_title":"","ocean_post_subheading":"","ocean_post_title_style":"","ocean_post_title_background_color":"","ocean_post_title_background":0,"ocean_post_title_bg_image_position":"","ocean_post_title_bg_image_attachment":"","ocean_post_title_bg_image_repeat":"","ocean_post_title_bg_image_size":"","ocean_post_title_height":0,"ocean_post_title_bg_overlay":0.5,"ocean_post_title_bg_overlay_color":"","ocean_disable_breadcrumbs":"default","ocean_breadcrumbs_color":"","ocean_breadcrumbs_separator_color":"","ocean_breadcrumbs_links_color":"","ocean_breadcrumbs_links_hover_color":"","ocean_display_footer_widgets":"default","ocean_display_footer_bottom":"default","ocean_custom_footer_template":"0","footnotes":""},"class_list":["post-764","page","type-page","status-publish","hentry","entry"],"_links":{"self":[{"href":"https:\/\/www.neues-theater-mering.de\/index.php\/wp-json\/wp\/v2\/pages\/764","targetHints":{"allow":["GET"]}}],"collection":[{"href":"https:\/\/www.neues-theater-mering.de\/index.php\/wp-json\/wp\/v2\/pages"}],"about":[{"href":"https:\/\/www.neues-theater-mering.de\/index.php\/wp-json\/wp\/v2\/types\/page"}],"author":[{"embeddable":true,"href":"https:\/\/www.neues-theater-mering.de\/index.php\/wp-json\/wp\/v2\/users\/3"}],"replies":[{"embeddable":true,"href":"https:\/\/www.neues-theater-mering.de\/index.php\/wp-json\/wp\/v2\/comments?post=764"}],"version-history":[{"count":42,"href":"https:\/\/www.neues-theater-mering.de\/index.php\/wp-json\/wp\/v2\/pages\/764\/revisions"}],"predecessor-version":[{"id":7499,"href":"https:\/\/www.neues-theater-mering.de\/index.php\/wp-json\/wp\/v2\/pages\/764\/revisions\/7499"}],"up":[{"embeddable":true,"href":"https:\/\/www.neues-theater-mering.de\/index.php\/wp-json\/wp\/v2\/pages\/79"}],"wp:attachment":[{"href":"https:\/\/www.neues-theater-mering.de\/index.php\/wp-json\/wp\/v2\/media?parent=764"}],"curies":[{"name":"wp","href":"https:\/\/api.w.org\/{rel}","templated":true}]}}